{"id":939,"date":"2025-09-08T09:20:49","date_gmt":"2025-09-08T07:20:49","guid":{"rendered":"https:\/\/defensatt.cat\/politica-de-privacidad\/"},"modified":"2025-10-07T11:06:36","modified_gmt":"2025-10-07T09:06:36","slug":"politica-de-privacidad","status":"publish","type":"page","link":"https:\/\/defensatt.cat\/es\/politica-de-privacidad\/","title":{"rendered":"Pol\u00edtica de privacidad"},"content":{"rendered":"\n<h2 class=\"wp-block-heading\">1. INFORMACI\u00d3N AL USUARIO<\/h2>\n\n<p>DEFENSA&#8217;TT CIBERSEGURETAT, S.L., en adelante RESPONSABLE, es el Responsable del Tratamiento de los datos personales del Usuario y le informa que estos datos ser\u00e1n tratados de conformidad con lo dispuesto en el Reglamento (UE) 2016\/679 de 27 de abril de 2016 (RGPD) y la Ley Org\u00e1nica 3\/2018, de 5 de diciembre (LOPDGDD), por lo que se le facilita la siguiente informaci\u00f3n del tratamiento:<\/p>\n\n<p><br\/><strong>Fin del tratamiento:<\/strong> mantener una relaci\u00f3n comercial con el Usuario. Las operaciones previstas para realizar el tratamiento son: <\/p>\n\n<ul class=\"wp-block-list\">\n<li>Remisi\u00f3n de comunicaciones comerciales publicitarias por email, fax, SMS, MMS, redes sociales o cualquier otro medio electr\u00f3nico o f\u00edsico, presente o futuro, que posibilite realizar comunicaciones comerciales. Estas comunicaciones ser\u00e1n realizadas por el RESPONSABLE y relacionadas con sus productos y servicios, o con los de sus colaboradores o proveedores con los que este haya alcanzado alg\u00fan acuerdo de promoci\u00f3n. En este caso, los terceros nunca tendr\u00e1n acceso a los datos personales.  <\/li>\n\n\n\n<li>Realizar estudios estad\u00edsticos.<\/li>\n\n\n\n<li>Tramitar encargos, solicitudes o cualquier tipo de petici\u00f3n que sea realizada por el usuario a trav\u00e9s de cualquiera de las formas de contacto que se ponen a su disposici\u00f3n.<\/li>\n\n\n\n<li>Remitir el bolet\u00edn de noticias de la p\u00e1gina web.<\/li>\n<\/ul>\n\n<p><strong>Base jur\u00eddica del tratamiento:<\/strong> consentimiento del interesado.<br\/>Criterios de conservaci\u00f3n de los datos: se conservar\u00e1n durante no m\u00e1s tiempo del necesario para mantener el fin del tratamiento y cuando ya no sea necesario para tal fin, se suprimir\u00e1n con medidas de seguridad adecuadas para garantizar la seudonimizaci\u00f3n de los datos o la destrucci\u00f3n total de los mismos.<\/p>\n\n<p><br\/><strong>Comunicaci\u00f3n de los datos:<\/strong> No se comunicar\u00e1n los datos a terceros, salvo obligaci\u00f3n legal.<\/p>\n\n<p><br\/><strong>Derechos que asisten al Usuario:<\/strong><\/p>\n\n<ul class=\"wp-block-list\">\n<li>Derecho a retirar el consentimiento en cualquier momento.<\/li>\n\n\n\n<li>Derecho de acceso, rectificaci\u00f3n, portabilidad y supresi\u00f3n de sus datos y de la limitaci\u00f3n u oposici\u00f3n a su tratamiento.<\/li>\n\n\n\n<li>Derecho a presentar una reclamaci\u00f3n ante la Autoridad de Control (www.aepd.es) si considera que el tratamiento no se ajusta a la normativa vigente.<\/li>\n<\/ul>\n\n<p><strong>Datos de contacto para ejercer sus derechos:<\/strong><br\/>DEFENSA&#8217;TT CIBERSEGURETAT, S.L., Calle de Las Navas de Tolosa, 260, Local 2 \u2013 08027 BARCELONA (Barcelona). Email: <a href=\"mailto:info@defensatt.cat\" target=\"_blank\" rel=\"noreferrer noopener\">info@defensatt.cat<\/a> <\/p>\n\n<h2 class=\"wp-block-heading\">2. CAR\u00c1CTER OBLIGATORIO O FACULTATIVO DE LA INFORMACI\u00d3N FACILITADA POR EL USUARIO<\/h2>\n\n<p>Los Usuarios, mediante la marcaci\u00f3n de las casillas correspondientes y entrada de datos en los campos, marcados con un asterisco (*) en el formulario de contacto o presentados en formularios de descarga, aceptan expresamente y de forma libre e inequ\u00edvoca, que sus datos son necesarios para atender su petici\u00f3n, por parte del prestador, siendo voluntaria la inclusi\u00f3n de datos en los campos restantes. El Usuario garantiza que los datos personales facilitados al RESPONSABLE son veraces y se hace responsable de comunicar cualquier modificaci\u00f3n de los mismos. <\/p>\n\n<p><br\/>El RESPONSABLE informa y garantiza expresamente a los usuarios que sus datos personales no ser\u00e1n cedidos en ning\u00fan caso a terceros, y que siempre que realizara alg\u00fan tipo de cesi\u00f3n de datos personales, se pedir\u00e1 previamente el consentimiento expreso, informado e inequ\u00edvoco por parte de los Usuarios. Todos los datos solicitados a trav\u00e9s del sitio web son obligatorios, ya que son necesarios para la prestaci\u00f3n de un servicio \u00f3ptimo al usuario. En caso de que no sean facilitados todos los datos, no se garantiza que la informaci\u00f3n y servicios facilitados sean completamente ajustados a sus necesidades.  <\/p>\n\n<h2 class=\"wp-block-heading\">3. MEDIDAS DE SEGURIDAD<\/h2>\n\n<p>Que de conformidad con lo dispuesto en las normativas vigentes en protecci\u00f3n de datos personales, el RESPONSABLE est\u00e1 cumpliendo con todas las disposiciones de las normativas RGPD para el tratamiento de los datos personales de su responsabilidad, y manifiestamente con los principios descritos en el art\u00edculo 5 del RGPD, por los cuales son tratados de manera l\u00edcita, leal y transparente en relaci\u00f3n con el interesado y adecuados, pertinentes y limitados a lo necesario en relaci\u00f3n con los fines para los que son tratados.<br\/>El RESPONSABLE garantiza que ha implementado pol\u00edticas t\u00e9cnicas y organizativas apropiadas para aplicar las medidas de seguridad que establece el RGPD con el fin de proteger los derechos y libertades de los Usuarios y les ha comunicado la informaci\u00f3n adecuada para que puedan ejercerlos.<\/p>\n\n<div style=\"height:100px\" aria-hidden=\"true\" class=\"wp-block-spacer\"><\/div>\n","protected":false},"excerpt":{"rendered":"<p>1. INFORMACI\u00d3N AL USUARIO DEFENSA&#8217;TT CIBERSEGURETAT, S.L., en adelante RESPONSABLE, es el Responsable del Tratamiento de los datos personales del Usuario y le informa que estos datos ser\u00e1n tratados de conformidad con lo dispuesto en el Reglamento (UE) 2016\/679 de 27 de abril de 2016 (RGPD) y la Ley Org\u00e1nica 3\/2018, de 5 de diciembre [&hellip;]<\/p>\n","protected":false},"author":1,"featured_media":0,"parent":0,"menu_order":0,"comment_status":"closed","ping_status":"closed","template":"","meta":{"footnotes":""},"class_list":["post-939","page","type-page","status-publish","hentry"],"yoast_head":"<!-- This site is optimized with the Yoast SEO plugin v26.9 - https:\/\/yoast.com\/product\/yoast-seo-wordpress\/ -->\n<title>Pol\u00edtica de privacidad - Defensa&#039;tt<\/title>\n<meta name=\"robots\" content=\"index, follow, max-snippet:-1, max-image-preview:large, max-video-preview:-1\" \/>\n<link rel=\"canonical\" href=\"https:\/\/defensatt.cat\/es\/politica-de-privacidad\/\" \/>\n<meta property=\"og:locale\" content=\"es_ES\" \/>\n<meta property=\"og:type\" content=\"article\" \/>\n<meta property=\"og:title\" content=\"Pol\u00edtica de privacidad - Defensa&#039;tt\" \/>\n<meta property=\"og:description\" content=\"1. INFORMACI\u00d3N AL USUARIO DEFENSA&#8217;TT CIBERSEGURETAT, S.L., en adelante RESPONSABLE, es el Responsable del Tratamiento de los datos personales del Usuario y le informa que estos datos ser\u00e1n tratados de conformidad con lo dispuesto en el Reglamento (UE) 2016\/679 de 27 de abril de 2016 (RGPD) y la Ley Org\u00e1nica 3\/2018, de 5 de diciembre [&hellip;]\" \/>\n<meta property=\"og:url\" content=\"https:\/\/defensatt.cat\/es\/politica-de-privacidad\/\" \/>\n<meta property=\"og:site_name\" content=\"Defensa&#039;tt\" \/>\n<meta property=\"article:publisher\" content=\"https:\/\/www.facebook.com\/defensatt\/\" \/>\n<meta property=\"article:modified_time\" content=\"2025-10-07T09:06:36+00:00\" \/>\n<meta name=\"twitter:card\" content=\"summary_large_image\" \/>\n<meta name=\"twitter:label1\" content=\"Tiempo de lectura\" \/>\n\t<meta name=\"twitter:data1\" content=\"4 minutos\" \/>\n<script type=\"application\/ld+json\" class=\"yoast-schema-graph\">{\"@context\":\"https:\/\/schema.org\",\"@graph\":[{\"@type\":\"WebPage\",\"@id\":\"https:\/\/defensatt.cat\/es\/politica-de-privacidad\/\",\"url\":\"https:\/\/defensatt.cat\/es\/politica-de-privacidad\/\",\"name\":\"Pol\u00edtica de privacidad - Defensa&#039;tt\",\"isPartOf\":{\"@id\":\"https:\/\/defensatt.cat\/es\/#website\"},\"datePublished\":\"2025-09-08T07:20:49+00:00\",\"dateModified\":\"2025-10-07T09:06:36+00:00\",\"breadcrumb\":{\"@id\":\"https:\/\/defensatt.cat\/es\/politica-de-privacidad\/#breadcrumb\"},\"inLanguage\":\"es\",\"potentialAction\":[{\"@type\":\"ReadAction\",\"target\":[\"https:\/\/defensatt.cat\/es\/politica-de-privacidad\/\"]}]},{\"@type\":\"BreadcrumbList\",\"@id\":\"https:\/\/defensatt.cat\/es\/politica-de-privacidad\/#breadcrumb\",\"itemListElement\":[{\"@type\":\"ListItem\",\"position\":1,\"name\":\"Inici\",\"item\":\"https:\/\/defensatt.cat\/es\/inicio\/\"},{\"@type\":\"ListItem\",\"position\":2,\"name\":\"Pol\u00edtica de privacidad\"}]},{\"@type\":\"WebSite\",\"@id\":\"https:\/\/defensatt.cat\/es\/#website\",\"url\":\"https:\/\/defensatt.cat\/es\/\",\"name\":\"Defensa'tt\",\"description\":\"Ciberseguretat al teu abast\",\"publisher\":{\"@id\":\"https:\/\/defensatt.cat\/es\/#organization\"},\"potentialAction\":[{\"@type\":\"SearchAction\",\"target\":{\"@type\":\"EntryPoint\",\"urlTemplate\":\"https:\/\/defensatt.cat\/es\/?s={search_term_string}\"},\"query-input\":{\"@type\":\"PropertyValueSpecification\",\"valueRequired\":true,\"valueName\":\"search_term_string\"}}],\"inLanguage\":\"es\"},{\"@type\":\"Organization\",\"@id\":\"https:\/\/defensatt.cat\/es\/#organization\",\"name\":\"Defensa'tt\",\"url\":\"https:\/\/defensatt.cat\/es\/\",\"logo\":{\"@type\":\"ImageObject\",\"inLanguage\":\"es\",\"@id\":\"https:\/\/defensatt.cat\/es\/#\/schema\/logo\/image\/\",\"url\":\"https:\/\/defensatt.cat\/wp-content\/uploads\/2025\/09\/defensatt_imagotip_complet.png\",\"contentUrl\":\"https:\/\/defensatt.cat\/wp-content\/uploads\/2025\/09\/defensatt_imagotip_complet.png\",\"width\":1522,\"height\":701,\"caption\":\"Defensa'tt\"},\"image\":{\"@id\":\"https:\/\/defensatt.cat\/es\/#\/schema\/logo\/image\/\"},\"sameAs\":[\"https:\/\/www.facebook.com\/defensatt\/\",\"https:\/\/tiktok.com\/defensatt\",\"https:\/\/www.instagram.com\/defensatt\/\",\"https:\/\/www.linkedin.com\/company\/defensatt\/\"]}]}<\/script>\n<!-- \/ Yoast SEO plugin. -->","yoast_head_json":{"title":"Pol\u00edtica de privacidad - Defensa&#039;tt","robots":{"index":"index","follow":"follow","max-snippet":"max-snippet:-1","max-image-preview":"max-image-preview:large","max-video-preview":"max-video-preview:-1"},"canonical":"https:\/\/defensatt.cat\/es\/politica-de-privacidad\/","og_locale":"es_ES","og_type":"article","og_title":"Pol\u00edtica de privacidad - Defensa&#039;tt","og_description":"1. INFORMACI\u00d3N AL USUARIO DEFENSA&#8217;TT CIBERSEGURETAT, S.L., en adelante RESPONSABLE, es el Responsable del Tratamiento de los datos personales del Usuario y le informa que estos datos ser\u00e1n tratados de conformidad con lo dispuesto en el Reglamento (UE) 2016\/679 de 27 de abril de 2016 (RGPD) y la Ley Org\u00e1nica 3\/2018, de 5 de diciembre [&hellip;]","og_url":"https:\/\/defensatt.cat\/es\/politica-de-privacidad\/","og_site_name":"Defensa&#039;tt","article_publisher":"https:\/\/www.facebook.com\/defensatt\/","article_modified_time":"2025-10-07T09:06:36+00:00","twitter_card":"summary_large_image","twitter_misc":{"Tiempo de lectura":"4 minutos"},"schema":{"@context":"https:\/\/schema.org","@graph":[{"@type":"WebPage","@id":"https:\/\/defensatt.cat\/es\/politica-de-privacidad\/","url":"https:\/\/defensatt.cat\/es\/politica-de-privacidad\/","name":"Pol\u00edtica de privacidad - Defensa&#039;tt","isPartOf":{"@id":"https:\/\/defensatt.cat\/es\/#website"},"datePublished":"2025-09-08T07:20:49+00:00","dateModified":"2025-10-07T09:06:36+00:00","breadcrumb":{"@id":"https:\/\/defensatt.cat\/es\/politica-de-privacidad\/#breadcrumb"},"inLanguage":"es","potentialAction":[{"@type":"ReadAction","target":["https:\/\/defensatt.cat\/es\/politica-de-privacidad\/"]}]},{"@type":"BreadcrumbList","@id":"https:\/\/defensatt.cat\/es\/politica-de-privacidad\/#breadcrumb","itemListElement":[{"@type":"ListItem","position":1,"name":"Inici","item":"https:\/\/defensatt.cat\/es\/inicio\/"},{"@type":"ListItem","position":2,"name":"Pol\u00edtica de privacidad"}]},{"@type":"WebSite","@id":"https:\/\/defensatt.cat\/es\/#website","url":"https:\/\/defensatt.cat\/es\/","name":"Defensa'tt","description":"Ciberseguretat al teu abast","publisher":{"@id":"https:\/\/defensatt.cat\/es\/#organization"},"potentialAction":[{"@type":"SearchAction","target":{"@type":"EntryPoint","urlTemplate":"https:\/\/defensatt.cat\/es\/?s={search_term_string}"},"query-input":{"@type":"PropertyValueSpecification","valueRequired":true,"valueName":"search_term_string"}}],"inLanguage":"es"},{"@type":"Organization","@id":"https:\/\/defensatt.cat\/es\/#organization","name":"Defensa'tt","url":"https:\/\/defensatt.cat\/es\/","logo":{"@type":"ImageObject","inLanguage":"es","@id":"https:\/\/defensatt.cat\/es\/#\/schema\/logo\/image\/","url":"https:\/\/defensatt.cat\/wp-content\/uploads\/2025\/09\/defensatt_imagotip_complet.png","contentUrl":"https:\/\/defensatt.cat\/wp-content\/uploads\/2025\/09\/defensatt_imagotip_complet.png","width":1522,"height":701,"caption":"Defensa'tt"},"image":{"@id":"https:\/\/defensatt.cat\/es\/#\/schema\/logo\/image\/"},"sameAs":["https:\/\/www.facebook.com\/defensatt\/","https:\/\/tiktok.com\/defensatt","https:\/\/www.instagram.com\/defensatt\/","https:\/\/www.linkedin.com\/company\/defensatt\/"]}]}},"_links":{"self":[{"href":"https:\/\/defensatt.cat\/es\/wp-json\/wp\/v2\/pages\/939","targetHints":{"allow":["GET"]}}],"collection":[{"href":"https:\/\/defensatt.cat\/es\/wp-json\/wp\/v2\/pages"}],"about":[{"href":"https:\/\/defensatt.cat\/es\/wp-json\/wp\/v2\/types\/page"}],"author":[{"embeddable":true,"href":"https:\/\/defensatt.cat\/es\/wp-json\/wp\/v2\/users\/1"}],"replies":[{"embeddable":true,"href":"https:\/\/defensatt.cat\/es\/wp-json\/wp\/v2\/comments?post=939"}],"version-history":[{"count":1,"href":"https:\/\/defensatt.cat\/es\/wp-json\/wp\/v2\/pages\/939\/revisions"}],"predecessor-version":[{"id":940,"href":"https:\/\/defensatt.cat\/es\/wp-json\/wp\/v2\/pages\/939\/revisions\/940"}],"wp:attachment":[{"href":"https:\/\/defensatt.cat\/es\/wp-json\/wp\/v2\/media?parent=939"}],"curies":[{"name":"wp","href":"https:\/\/api.w.org\/{rel}","templated":true}]}}