{"id":922,"date":"2025-10-06T11:56:44","date_gmt":"2025-10-06T09:56:44","guid":{"rendered":"https:\/\/defensatt.cat\/aviso-legal\/"},"modified":"2025-10-07T11:06:23","modified_gmt":"2025-10-07T09:06:23","slug":"aviso-legal","status":"publish","type":"page","link":"https:\/\/defensatt.cat\/es\/aviso-legal\/","title":{"rendered":"Aviso Legal"},"content":{"rendered":"\t\t<div data-elementor-type=\"wp-page\" data-elementor-id=\"922\" class=\"elementor elementor-922 elementor-704\" data-elementor-post-type=\"page\">\n\t\t\t\t<div class=\"elementor-element elementor-element-434e09 e-flex e-con-boxed e-con e-parent\" data-id=\"434e09\" data-element_type=\"container\" data-e-type=\"container\" data-settings=\"{&quot;jet_parallax_layout_list&quot;:[]}\">\n\t\t\t\t\t<div class=\"e-con-inner\">\n\t\t\t\t<div class=\"elementor-element elementor-element-649303a8 elementor-widget elementor-widget-text-editor\" data-id=\"649303a8\" data-element_type=\"widget\" data-e-type=\"widget\" data-widget_type=\"text-editor.default\">\n\t\t\t\t\t\t\t\t\t\n<h2 class=\"wp-block-heading\"><strong>LEY DE LOS SERVICIOS DE LA SOCIEDAD DE LA INFORMACI\u00d3N (LSSI)<\/strong><\/h2>\n\n<p>DEFENSA\u2019TT CIBERSEGURETAT, S.L., Responsable del sitio web, en adelante RESPONSABLE, pone a disposici\u00f3n de los usuarios el presente documento, con el cual pretende dar cumplimiento a las obligaciones dispuestas en la Ley 34\/2002, de 11 de julio, de Servicios de la Sociedad de la Informaci\u00f3n y de Comercio Electr\u00f3nico (LSSICE), BOE N\u00ba 166, as\u00ed como informar a todos los usuarios del sitio web respecto a cu\u00e1les son las condiciones de uso.<\/p>\n\n<h2 class=\"wp-block-heading\"><strong>1.DATOS IDENTIFICATIVOS<\/strong><\/h2>\n\n<p>Nombre de dominio: https:\/\/defensatt.cat<br>Nombre comercial: DEFENSA\u2019TT\u2028Denominaci\u00f3n social: DEFENSA\u2019TT CIBERSEGURETAT, S.L.\u2028CIF: B56864754\u2028Domicilio social: Calle de Las Navas de Tolosa, 260, Local 2 \u2013 08027 BARCELONA (Barcelona)\u2028Correo electr\u00f3nico: <a href=\"mailto:info@defensatt.cat\" target=\"_blank\" rel=\"noreferrer noopener\">info@defensatt.cat<\/a><br><br><\/p>\n\n<h2 class=\"wp-block-heading\"><strong>2. DERECHOS DE PROPIEDAD INTELECTUAL E INDUSTRIAL<\/strong><\/h2>\n\n<p>El sitio web, incluyendo a t\u00edtulo enunciativo pero no limitativo su programaci\u00f3n, edici\u00f3n, compilaci\u00f3n y otros elementos necesarios para su funcionamiento, los dise\u00f1os, logotipos, texto y \/ o gr\u00e1ficos, son propiedad del RESPONSABLE o, si es el caso, dispone de licencia o autorizaci\u00f3n expresa por parte de los autores. Todos los contenidos del sitio web se encuentran debidamente protegidos por la normativa de Propiedad Intelectual e Industrial, as\u00ed como inscritos en los registros p\u00fablicos correspondientes. <\/p>\n\n<p><br>Independientemente de la finalidad para la cual fueran destinadas, la reproducci\u00f3n total o parcial, uso, explotaci\u00f3n, distribuci\u00f3n y comercializaci\u00f3n, requiere en todo caso de la autorizaci\u00f3n escrita previa por parte del RESPONSABLE. Cualquier uso no autorizado previamente se considera un incumplimiento grave de los derechos de Propiedad Intelectual o Industrial del autor.<br>Los dise\u00f1os, logotipos, texto y \/ o gr\u00e1ficos ajenos al RESPONSABLE y que pudieran aparecer en el sitio web, pertenecen a sus respectivos propietarios, siendo ellos mismos responsables de cualquier posible controversia que pudiera suscitarse respecto a los mismos. El RESPONSABLE autoriza expresamente a que terceros puedan redirigir directamente a los contenidos concretos del sitio web, y en todo caso redirigir al sitio web principal de http:\/\/www.defensatt.cat  <\/p>\n\n<p><br>El RESPONSABLE reconoce a favor de sus titulares los correspondientes derechos de Propiedad Intelectual e Industrial, no implicando su sola menci\u00f3n o aparici\u00f3n en el sitio web la existencia de derechos o responsabilidad alguna sobre los mismos, como tampoco soporte, patrocinio o recomendaci\u00f3n por parte del mismo.<\/p>\n\n<p><br>Para realizar cualquier tipo de observaci\u00f3n respecto a posibles incumplimientos de los derechos de propiedad intelectual o industrial, as\u00ed como sobre cualquiera de los contenidos del sitio web, puede hacerlo a trav\u00e9s del correo electr\u00f3nico <a href=\"mailto:info@defensatt.cat\" target=\"_blank\" rel=\"noreferrer noopener\">info@defensatt.cat<\/a><\/p>\n\n<h2 class=\"wp-block-heading\"><br><strong>3.EXENCI\u00d3N DE RESPONSABILIDADES<\/strong><\/h2>\n\n<p>El RESPONSABLE se exime de cualquier tipo de responsabilidad derivada de la informaci\u00f3n publicada en su sitio web siempre que esta informaci\u00f3n haya sido manipulada o introducida por un tercero ajeno a este.<\/p>\n\n<h3 class=\"wp-block-heading\"><strong>Uso de Cookies<\/strong><\/h3>\n\n<p>Este sitio web puede utilizar cookies t\u00e9cnicas (peque\u00f1os archivos de informaci\u00f3n que el servidor env\u00eda al ordenador de quien accede a la p\u00e1gina) para llevar a cabo determinadas funciones que son consideradas imprescindibles para el correcto funcionamiento y visualizaci\u00f3n del sitio. Las cookies utilizadas tienen, en todo caso, car\u00e1cter temporal, con la \u00fanica finalidad de hacer m\u00e1s eficaz la navegaci\u00f3n, y desaparecen al terminar la sesi\u00f3n del usuario. En ning\u00fan caso, estas cookies proporcionan por s\u00ed mismas datos de car\u00e1cter personal y no se utilizar\u00e1n para la recogida de las mismas.  <\/p>\n\n<p><br>Mediante el uso de cookies tambi\u00e9n es posible que el servidor donde se encuentra la web reconozca el navegador utilizado por el usuario con la finalidad de que la navegaci\u00f3n sea m\u00e1s sencilla, permitiendo, por ejemplo, el acceso de los usuarios que se hayan registrado previamente a las \u00e1reas, servicios, promociones o concursos reservados exclusivamente a ellos sin tener que registrar en cada visita. Tambi\u00e9n se pueden utilizar para medir la audiencia, par\u00e1metros de tr\u00e1fico, controlar el progreso y n\u00famero de entradas, etc, siendo en estos casos cookies prescindibles t\u00e9cnicamente pero beneficiosas para el usuario. Este sitio web no instalar\u00e1 cookies prescindibles sin el consentimiento previo del usuario.  <\/p>\n\n<p><br>El usuario tiene la posibilidad de configurar su navegador para ser alertado de la recepci\u00f3n de cookies y para impedir su instalaci\u00f3n en su equipo. Si us plau, consulte las instrucciones de su navegador para ampliar esta informaci\u00f3n. <\/p>\n\n<h3 class=\"wp-block-heading\"><br><strong>Pol\u00edtica de enlaces<\/strong><\/h3>\n\n<p>Desde el sitio web, es posible que se redirija a contenidos de terceros sitios web. Dado que el RESPONSABLE no puede controlar siempre los contenidos introducidos por los terceros en sus respectivos sitios web, no asume ning\u00fan tipo de responsabilidad respecto a estos contenidos. En todo caso, proceder\u00e1 a la retirada inmediata de cualquier contenido que pudiera contravenir la legislaci\u00f3n nacional o internacional, la moral o el orden p\u00fablico, procediendo a la retirada inmediata de la redirecci\u00f3n a dicho sitio web, poniendo en conocimiento de las autoridades competentes el contenido en cuesti\u00f3n.  <\/p>\n\n<p><br>El RESPONSABLE no se hace responsable de la informaci\u00f3n y contenidos almacenados, a t\u00edtulo enunciativo pero no limitativo, en foros, chats, generadores de blogs, comentarios, redes sociales o cualquier otro medio que permita a terceros publicar contenidos de forma independiente en la p\u00e1gina web del RESPONSABLE. No obstante, y en cumplimiento de lo que disponen los art\u00edculos 11 y 16 de la LSSICE, se pone a disposici\u00f3n de todos los usuarios, autoridades y fuerzas de seguridad, colaborando de forma activa en la retirada o, si procede, bloqueo de todos aquellos contenidos que puedan afectar o contravenir la legislaci\u00f3n nacional o internacional, los derechos de terceros o la moral y el orden p\u00fablico. En caso de que el usuario considere que existe en el sitio web alg\u00fan contenido que pudiera ser susceptible de esta clasificaci\u00f3n, se ruega lo haga saber de forma inmediata al administrador del sitio web.  <\/p>\n\n<p><br>Este sitio web ha sido revisado y probado para que funcione correctamente. En principio, puede garantizarse el correcto funcionamiento los 365 d\u00edas del a\u00f1o, 24 horas al d\u00eda. No obstante, el RESPONSABLE no descarta la posibilidad de que existan ciertos errores de programaci\u00f3n, o que acontezcan causas de fuerza mayor, cat\u00e1strofes naturales, huelgas o circunstancias semejantes que imposibiliten el acceso a la p\u00e1gina web.  <\/p>\n\n<h3 class=\"wp-block-heading\"><br><strong>Direcciones IP<\/strong><\/h3>\n\n<p>Los servidores del sitio web podr\u00e1n detectar de manera autom\u00e1tica la direcci\u00f3n IP y el nombre de dominio utilizados por el usuario. Una direcci\u00f3n IP es un n\u00famero asignado autom\u00e1ticamente a un ordenador cuando este se conecta a Internet. Toda esta informaci\u00f3n es registrada en un fichero de actividad del servidor debidamente inscrito que permite el posterior procesamiento de los datos con la finalidad de obtener medidas \u00fanicamente estad\u00edsticas que permitan conocer el n\u00famero de impresiones de p\u00e1ginas, el n\u00famero de visitas realizadas a los servidores web, el orden de visitas, el punto de acceso, etc.  <\/p>\n\n<p> <\/p>\n\n<h2 class=\"wp-block-heading\"><strong>4.LEY APLICABLE Y JURISDICCI\u00d3N<\/strong><\/h2>\n\n<p>Para la resoluci\u00f3n de todas las controversias o cuestiones relacionadas con el presente sitio web o de las actividades en \u00e9l desarrolladas, ser\u00e1 de aplicaci\u00f3n la legislaci\u00f3n espa\u00f1ola, a la cual se someten expresamente las partes, siendo competentes para la resoluci\u00f3n de todos los conflictos derivados o relacionados con su uso los Juzgados y Tribunales m\u00e1s cercanos a BARCELONA.<\/p>\n\n<div class=\"wp-block-spacer\" style=\"height: 100px;\" aria-hidden=\"true\"> <\/div>\n\t\t\t\t\t\t\t\t<\/div>\n\t\t\t\t\t<\/div>\n\t\t\t\t<\/div>\n\t\t\t\t<\/div>\n\t\t","protected":false},"excerpt":{"rendered":"<p>LEY DE LOS SERVICIOS DE LA SOCIEDAD DE LA INFORMACI\u00d3N (LSSI) DEFENSA\u2019TT CIBERSEGURETAT, S.L., Responsable del sitio web, en adelante RESPONSABLE, pone a disposici\u00f3n de los usuarios el presente documento, con el cual pretende dar cumplimiento a las obligaciones dispuestas en la Ley 34\/2002, de 11 de julio, de Servicios de la Sociedad de la [&hellip;]<\/p>\n","protected":false},"author":1,"featured_media":0,"parent":0,"menu_order":0,"comment_status":"closed","ping_status":"closed","template":"","meta":{"footnotes":""},"class_list":["post-922","page","type-page","status-publish","hentry"],"yoast_head":"<!-- This site is optimized with the Yoast SEO plugin v26.9 - https:\/\/yoast.com\/product\/yoast-seo-wordpress\/ -->\n<title>Aviso Legal - Defensa&#039;tt<\/title>\n<meta name=\"robots\" content=\"index, follow, max-snippet:-1, max-image-preview:large, max-video-preview:-1\" \/>\n<link rel=\"canonical\" href=\"https:\/\/defensatt.cat\/es\/aviso-legal\/\" \/>\n<meta property=\"og:locale\" content=\"es_ES\" \/>\n<meta property=\"og:type\" content=\"article\" \/>\n<meta property=\"og:title\" content=\"Aviso Legal - Defensa&#039;tt\" \/>\n<meta property=\"og:description\" content=\"LEY DE LOS SERVICIOS DE LA SOCIEDAD DE LA INFORMACI\u00d3N (LSSI) DEFENSA\u2019TT CIBERSEGURETAT, S.L., Responsable del sitio web, en adelante RESPONSABLE, pone a disposici\u00f3n de los usuarios el presente documento, con el cual pretende dar cumplimiento a las obligaciones dispuestas en la Ley 34\/2002, de 11 de julio, de Servicios de la Sociedad de la [&hellip;]\" \/>\n<meta property=\"og:url\" content=\"https:\/\/defensatt.cat\/es\/aviso-legal\/\" \/>\n<meta property=\"og:site_name\" content=\"Defensa&#039;tt\" \/>\n<meta property=\"article:publisher\" content=\"https:\/\/www.facebook.com\/defensatt\/\" \/>\n<meta property=\"article:modified_time\" content=\"2025-10-07T09:06:23+00:00\" \/>\n<meta name=\"twitter:card\" content=\"summary_large_image\" \/>\n<meta name=\"twitter:label1\" content=\"Tiempo de lectura\" \/>\n\t<meta name=\"twitter:data1\" content=\"6 minutos\" \/>\n<script type=\"application\/ld+json\" class=\"yoast-schema-graph\">{\"@context\":\"https:\/\/schema.org\",\"@graph\":[{\"@type\":\"WebPage\",\"@id\":\"https:\/\/defensatt.cat\/es\/aviso-legal\/\",\"url\":\"https:\/\/defensatt.cat\/es\/aviso-legal\/\",\"name\":\"Aviso Legal - Defensa&#039;tt\",\"isPartOf\":{\"@id\":\"https:\/\/defensatt.cat\/es\/#website\"},\"datePublished\":\"2025-10-06T09:56:44+00:00\",\"dateModified\":\"2025-10-07T09:06:23+00:00\",\"breadcrumb\":{\"@id\":\"https:\/\/defensatt.cat\/es\/aviso-legal\/#breadcrumb\"},\"inLanguage\":\"es\",\"potentialAction\":[{\"@type\":\"ReadAction\",\"target\":[\"https:\/\/defensatt.cat\/es\/aviso-legal\/\"]}]},{\"@type\":\"BreadcrumbList\",\"@id\":\"https:\/\/defensatt.cat\/es\/aviso-legal\/#breadcrumb\",\"itemListElement\":[{\"@type\":\"ListItem\",\"position\":1,\"name\":\"Inici\",\"item\":\"https:\/\/defensatt.cat\/es\/inicio\/\"},{\"@type\":\"ListItem\",\"position\":2,\"name\":\"Aviso Legal\"}]},{\"@type\":\"WebSite\",\"@id\":\"https:\/\/defensatt.cat\/es\/#website\",\"url\":\"https:\/\/defensatt.cat\/es\/\",\"name\":\"Defensa'tt\",\"description\":\"Ciberseguretat al teu abast\",\"publisher\":{\"@id\":\"https:\/\/defensatt.cat\/es\/#organization\"},\"potentialAction\":[{\"@type\":\"SearchAction\",\"target\":{\"@type\":\"EntryPoint\",\"urlTemplate\":\"https:\/\/defensatt.cat\/es\/?s={search_term_string}\"},\"query-input\":{\"@type\":\"PropertyValueSpecification\",\"valueRequired\":true,\"valueName\":\"search_term_string\"}}],\"inLanguage\":\"es\"},{\"@type\":\"Organization\",\"@id\":\"https:\/\/defensatt.cat\/es\/#organization\",\"name\":\"Defensa'tt\",\"url\":\"https:\/\/defensatt.cat\/es\/\",\"logo\":{\"@type\":\"ImageObject\",\"inLanguage\":\"es\",\"@id\":\"https:\/\/defensatt.cat\/es\/#\/schema\/logo\/image\/\",\"url\":\"https:\/\/defensatt.cat\/wp-content\/uploads\/2025\/09\/defensatt_imagotip_complet.png\",\"contentUrl\":\"https:\/\/defensatt.cat\/wp-content\/uploads\/2025\/09\/defensatt_imagotip_complet.png\",\"width\":1522,\"height\":701,\"caption\":\"Defensa'tt\"},\"image\":{\"@id\":\"https:\/\/defensatt.cat\/es\/#\/schema\/logo\/image\/\"},\"sameAs\":[\"https:\/\/www.facebook.com\/defensatt\/\",\"https:\/\/tiktok.com\/defensatt\",\"https:\/\/www.instagram.com\/defensatt\/\",\"https:\/\/www.linkedin.com\/company\/defensatt\/\"]}]}<\/script>\n<!-- \/ Yoast SEO plugin. -->","yoast_head_json":{"title":"Aviso Legal - Defensa&#039;tt","robots":{"index":"index","follow":"follow","max-snippet":"max-snippet:-1","max-image-preview":"max-image-preview:large","max-video-preview":"max-video-preview:-1"},"canonical":"https:\/\/defensatt.cat\/es\/aviso-legal\/","og_locale":"es_ES","og_type":"article","og_title":"Aviso Legal - Defensa&#039;tt","og_description":"LEY DE LOS SERVICIOS DE LA SOCIEDAD DE LA INFORMACI\u00d3N (LSSI) DEFENSA\u2019TT CIBERSEGURETAT, S.L., Responsable del sitio web, en adelante RESPONSABLE, pone a disposici\u00f3n de los usuarios el presente documento, con el cual pretende dar cumplimiento a las obligaciones dispuestas en la Ley 34\/2002, de 11 de julio, de Servicios de la Sociedad de la [&hellip;]","og_url":"https:\/\/defensatt.cat\/es\/aviso-legal\/","og_site_name":"Defensa&#039;tt","article_publisher":"https:\/\/www.facebook.com\/defensatt\/","article_modified_time":"2025-10-07T09:06:23+00:00","twitter_card":"summary_large_image","twitter_misc":{"Tiempo de lectura":"6 minutos"},"schema":{"@context":"https:\/\/schema.org","@graph":[{"@type":"WebPage","@id":"https:\/\/defensatt.cat\/es\/aviso-legal\/","url":"https:\/\/defensatt.cat\/es\/aviso-legal\/","name":"Aviso Legal - Defensa&#039;tt","isPartOf":{"@id":"https:\/\/defensatt.cat\/es\/#website"},"datePublished":"2025-10-06T09:56:44+00:00","dateModified":"2025-10-07T09:06:23+00:00","breadcrumb":{"@id":"https:\/\/defensatt.cat\/es\/aviso-legal\/#breadcrumb"},"inLanguage":"es","potentialAction":[{"@type":"ReadAction","target":["https:\/\/defensatt.cat\/es\/aviso-legal\/"]}]},{"@type":"BreadcrumbList","@id":"https:\/\/defensatt.cat\/es\/aviso-legal\/#breadcrumb","itemListElement":[{"@type":"ListItem","position":1,"name":"Inici","item":"https:\/\/defensatt.cat\/es\/inicio\/"},{"@type":"ListItem","position":2,"name":"Aviso Legal"}]},{"@type":"WebSite","@id":"https:\/\/defensatt.cat\/es\/#website","url":"https:\/\/defensatt.cat\/es\/","name":"Defensa'tt","description":"Ciberseguretat al teu abast","publisher":{"@id":"https:\/\/defensatt.cat\/es\/#organization"},"potentialAction":[{"@type":"SearchAction","target":{"@type":"EntryPoint","urlTemplate":"https:\/\/defensatt.cat\/es\/?s={search_term_string}"},"query-input":{"@type":"PropertyValueSpecification","valueRequired":true,"valueName":"search_term_string"}}],"inLanguage":"es"},{"@type":"Organization","@id":"https:\/\/defensatt.cat\/es\/#organization","name":"Defensa'tt","url":"https:\/\/defensatt.cat\/es\/","logo":{"@type":"ImageObject","inLanguage":"es","@id":"https:\/\/defensatt.cat\/es\/#\/schema\/logo\/image\/","url":"https:\/\/defensatt.cat\/wp-content\/uploads\/2025\/09\/defensatt_imagotip_complet.png","contentUrl":"https:\/\/defensatt.cat\/wp-content\/uploads\/2025\/09\/defensatt_imagotip_complet.png","width":1522,"height":701,"caption":"Defensa'tt"},"image":{"@id":"https:\/\/defensatt.cat\/es\/#\/schema\/logo\/image\/"},"sameAs":["https:\/\/www.facebook.com\/defensatt\/","https:\/\/tiktok.com\/defensatt","https:\/\/www.instagram.com\/defensatt\/","https:\/\/www.linkedin.com\/company\/defensatt\/"]}]}},"_links":{"self":[{"href":"https:\/\/defensatt.cat\/es\/wp-json\/wp\/v2\/pages\/922","targetHints":{"allow":["GET"]}}],"collection":[{"href":"https:\/\/defensatt.cat\/es\/wp-json\/wp\/v2\/pages"}],"about":[{"href":"https:\/\/defensatt.cat\/es\/wp-json\/wp\/v2\/types\/page"}],"author":[{"embeddable":true,"href":"https:\/\/defensatt.cat\/es\/wp-json\/wp\/v2\/users\/1"}],"replies":[{"embeddable":true,"href":"https:\/\/defensatt.cat\/es\/wp-json\/wp\/v2\/comments?post=922"}],"version-history":[{"count":3,"href":"https:\/\/defensatt.cat\/es\/wp-json\/wp\/v2\/pages\/922\/revisions"}],"predecessor-version":[{"id":927,"href":"https:\/\/defensatt.cat\/es\/wp-json\/wp\/v2\/pages\/922\/revisions\/927"}],"wp:attachment":[{"href":"https:\/\/defensatt.cat\/es\/wp-json\/wp\/v2\/media?parent=922"}],"curies":[{"name":"wp","href":"https:\/\/api.w.org\/{rel}","templated":true}]}}