{"id":910,"date":"2025-10-06T11:58:36","date_gmt":"2025-10-06T09:58:36","guid":{"rendered":"https:\/\/defensatt.cat\/politica-de-cookies\/"},"modified":"2025-10-07T11:06:08","modified_gmt":"2025-10-07T09:06:08","slug":"politica-de-cookies","status":"publish","type":"page","link":"https:\/\/defensatt.cat\/es\/politica-de-cookies\/","title":{"rendered":"Pol\u00edtica de cookies"},"content":{"rendered":"\n<p>Fecha de entrada en vigor: 12-ene-2024 \u00daltima actualizaci\u00f3n: 12-ene-2024<\/p>\n\n<h2 class=\"wp-block-heading\">1.\u00bfQu\u00e9 son las cookies?<\/h2>\n\n<p>Esta Pol\u00edtica de cookies explica qu\u00e9 son las cookies y c\u00f3mo las utilizamos, los tipos de cookies que usamos, es decir, la informaci\u00f3n que recopilamos mediante las cookies y c\u00f3mo se utiliza esta informaci\u00f3n y c\u00f3mo gestionar la configuraci\u00f3n de las cookies.<\/p>\n\n<p><br\/>Las cookies son peque\u00f1os archivos de texto que se utilizan para almacenar peque\u00f1os fragmentos de informaci\u00f3n. Se almacenan en su dispositivo cuando el sitio web se carga en su navegador. Estas cookies nos ayudan a que el sitio web funcione correctamente, a hacerlo m\u00e1s seguro, a ofrecer una mejor experiencia de usuario y a entender c\u00f3mo funciona el sitio web y a analizar qu\u00e9 funciona y d\u00f3nde hay que mejorar.  <\/p>\n\n<h2 class=\"wp-block-heading\">2.\u00bfC\u00f3mo utilizamos las cookies?<\/h2>\n\n<p>Como la mayor\u00eda de los servicios en l\u00ednea, nuestro sitio web utiliza cookies propias y de terceros para diversos prop\u00f3sitos. Las cookies propias son b\u00e1sicamente necesarias para que el sitio web funcione correctamente y no recopilan ninguno de sus datos de identificaci\u00f3n personal. <\/p>\n\n<p><br\/>Las cookies de terceros que se utilizan en nuestro sitio web son principalmente para entender c\u00f3mo funciona el sitio web, c\u00f3mo interact\u00faa usted con nuestro sitio web, mantener nuestros servicios seguros, proporcionarle anuncios que sean relevantes y, en general, ofrecerle una experiencia de usuario mejorada y ayudar a acelerar sus futuras interacciones con nuestro sitio web. <\/p>\n\n<h3 class=\"wp-block-heading\">3.Gestionar preferencias de cookies<\/h3>\n\n<p>Puede gestionar las preferencias de cookies haciendo clic en el siguiente enlace: Configuraci\u00f3n de cookies<br\/>Puede cambiar sus preferencias de cookies en cualquier momento haciendo clic en el bot\u00f3n anterior. Esto le permitir\u00e1 revisar el banner de consentimiento de cookies y cambiar sus preferencias o retirar su consentimiento inmediatamente.<br\/>Adem\u00e1s, diferentes navegadores ofrecen diferentes m\u00e9todos para bloquear y eliminar las cookies utilizadas por los sitios web. Puede cambiar la configuraci\u00f3n de su navegador para bloquear\/eliminar las cookies. A continuaci\u00f3n se muestran los enlaces a los documentos de soporte sobre c\u00f3mo gestionar y eliminar las cookies de los principales navegadores web.   <\/p>\n\n<p><br\/>Chrome: <a href=\"https:\/\/support.google.com\/accounts\/answer\/32050\" target=\"_blank\" rel=\"noreferrer noopener\">https:\/\/support.google.com\/accounts\/answer\/32050<\/a><br\/>Safari: <a href=\"https:\/\/support.apple.com\/en-in\/guide\/safari\/sfri11471\/mac\" target=\"_blank\" rel=\"noreferrer noopener\">https:\/\/support.apple.com\/en-in\/guide\/safari\/sfri11471\/mac<\/a><br\/>Firefox: <a href=\"https:\/\/support.mozilla.org\/en-US\/kb\/clear-cookies-and-site-data-firefox?redirectslug=delete-cookies-remove-info-websites-stored&amp;redirectlocale=en-US\" target=\"_blank\" rel=\"noreferrer noopener\">https:\/\/support.mozilla.org\/en-US\/kb\/clear-cookies-and-site-data-firefox?redirectslug=delete-cookies-remove-info-websites-stored&amp;redirectlocale=en-US<\/a><br\/>Internet Explorer: <a href=\"https:\/\/support.microsoft.com\/en-us\/topic\/how-to-delete-cookie-files-in-internet-explorer-bca9446f-d873-78de-77ba-d42645fa52fc\" target=\"_blank\" rel=\"noreferrer noopener\">https:\/\/support.microsoft.com\/en-us\/topic\/how-to-delete-cookie-files-in-internet-explorer-bca9446f-d873-78de-77ba-d42645fa52fc<\/a><\/p>\n\n<p><br\/>Si utiliza otro navegador web, visite los documentos de soporte oficiales de su navegador.<\/p>\n\n<div style=\"height:100px\" aria-hidden=\"true\" class=\"wp-block-spacer\"><\/div>\n","protected":false},"excerpt":{"rendered":"<p>Fecha de entrada en vigor: 12-ene-2024 \u00daltima actualizaci\u00f3n: 12-ene-2024 1.\u00bfQu\u00e9 son las cookies? Esta Pol\u00edtica de cookies explica qu\u00e9 son las cookies y c\u00f3mo las utilizamos, los tipos de cookies que usamos, es decir, la informaci\u00f3n que recopilamos mediante las cookies y c\u00f3mo se utiliza esta informaci\u00f3n y c\u00f3mo gestionar la configuraci\u00f3n de las cookies. [&hellip;]<\/p>\n","protected":false},"author":1,"featured_media":0,"parent":0,"menu_order":0,"comment_status":"closed","ping_status":"closed","template":"","meta":{"footnotes":""},"class_list":["post-910","page","type-page","status-publish","hentry"],"yoast_head":"<!-- This site is optimized with the Yoast SEO plugin v26.9 - https:\/\/yoast.com\/product\/yoast-seo-wordpress\/ -->\n<title>Pol\u00edtica de cookies - Defensa&#039;tt<\/title>\n<meta name=\"robots\" content=\"index, follow, max-snippet:-1, max-image-preview:large, max-video-preview:-1\" \/>\n<link rel=\"canonical\" href=\"https:\/\/defensatt.cat\/es\/politica-de-cookies\/\" \/>\n<meta property=\"og:locale\" content=\"es_ES\" \/>\n<meta property=\"og:type\" content=\"article\" \/>\n<meta property=\"og:title\" content=\"Pol\u00edtica de cookies - Defensa&#039;tt\" \/>\n<meta property=\"og:description\" content=\"Fecha de entrada en vigor: 12-ene-2024 \u00daltima actualizaci\u00f3n: 12-ene-2024 1.\u00bfQu\u00e9 son las cookies? Esta Pol\u00edtica de cookies explica qu\u00e9 son las cookies y c\u00f3mo las utilizamos, los tipos de cookies que usamos, es decir, la informaci\u00f3n que recopilamos mediante las cookies y c\u00f3mo se utiliza esta informaci\u00f3n y c\u00f3mo gestionar la configuraci\u00f3n de las cookies. [&hellip;]\" \/>\n<meta property=\"og:url\" content=\"https:\/\/defensatt.cat\/es\/politica-de-cookies\/\" \/>\n<meta property=\"og:site_name\" content=\"Defensa&#039;tt\" \/>\n<meta property=\"article:publisher\" content=\"https:\/\/www.facebook.com\/defensatt\/\" \/>\n<meta property=\"article:modified_time\" content=\"2025-10-07T09:06:08+00:00\" \/>\n<meta name=\"twitter:card\" content=\"summary_large_image\" \/>\n<meta name=\"twitter:label1\" content=\"Tiempo de lectura\" \/>\n\t<meta name=\"twitter:data1\" content=\"2 minutos\" \/>\n<script type=\"application\/ld+json\" class=\"yoast-schema-graph\">{\"@context\":\"https:\/\/schema.org\",\"@graph\":[{\"@type\":\"WebPage\",\"@id\":\"https:\/\/defensatt.cat\/es\/politica-de-cookies\/\",\"url\":\"https:\/\/defensatt.cat\/es\/politica-de-cookies\/\",\"name\":\"Pol\u00edtica de cookies - Defensa&#039;tt\",\"isPartOf\":{\"@id\":\"https:\/\/defensatt.cat\/es\/#website\"},\"datePublished\":\"2025-10-06T09:58:36+00:00\",\"dateModified\":\"2025-10-07T09:06:08+00:00\",\"breadcrumb\":{\"@id\":\"https:\/\/defensatt.cat\/es\/politica-de-cookies\/#breadcrumb\"},\"inLanguage\":\"es\",\"potentialAction\":[{\"@type\":\"ReadAction\",\"target\":[\"https:\/\/defensatt.cat\/es\/politica-de-cookies\/\"]}]},{\"@type\":\"BreadcrumbList\",\"@id\":\"https:\/\/defensatt.cat\/es\/politica-de-cookies\/#breadcrumb\",\"itemListElement\":[{\"@type\":\"ListItem\",\"position\":1,\"name\":\"Inici\",\"item\":\"https:\/\/defensatt.cat\/es\/inicio\/\"},{\"@type\":\"ListItem\",\"position\":2,\"name\":\"Pol\u00edtica de cookies\"}]},{\"@type\":\"WebSite\",\"@id\":\"https:\/\/defensatt.cat\/es\/#website\",\"url\":\"https:\/\/defensatt.cat\/es\/\",\"name\":\"Defensa'tt\",\"description\":\"Ciberseguretat al teu abast\",\"publisher\":{\"@id\":\"https:\/\/defensatt.cat\/es\/#organization\"},\"potentialAction\":[{\"@type\":\"SearchAction\",\"target\":{\"@type\":\"EntryPoint\",\"urlTemplate\":\"https:\/\/defensatt.cat\/es\/?s={search_term_string}\"},\"query-input\":{\"@type\":\"PropertyValueSpecification\",\"valueRequired\":true,\"valueName\":\"search_term_string\"}}],\"inLanguage\":\"es\"},{\"@type\":\"Organization\",\"@id\":\"https:\/\/defensatt.cat\/es\/#organization\",\"name\":\"Defensa'tt\",\"url\":\"https:\/\/defensatt.cat\/es\/\",\"logo\":{\"@type\":\"ImageObject\",\"inLanguage\":\"es\",\"@id\":\"https:\/\/defensatt.cat\/es\/#\/schema\/logo\/image\/\",\"url\":\"https:\/\/defensatt.cat\/wp-content\/uploads\/2025\/09\/defensatt_imagotip_complet.png\",\"contentUrl\":\"https:\/\/defensatt.cat\/wp-content\/uploads\/2025\/09\/defensatt_imagotip_complet.png\",\"width\":1522,\"height\":701,\"caption\":\"Defensa'tt\"},\"image\":{\"@id\":\"https:\/\/defensatt.cat\/es\/#\/schema\/logo\/image\/\"},\"sameAs\":[\"https:\/\/www.facebook.com\/defensatt\/\",\"https:\/\/tiktok.com\/defensatt\",\"https:\/\/www.instagram.com\/defensatt\/\",\"https:\/\/www.linkedin.com\/company\/defensatt\/\"]}]}<\/script>\n<!-- \/ Yoast SEO plugin. -->","yoast_head_json":{"title":"Pol\u00edtica de cookies - Defensa&#039;tt","robots":{"index":"index","follow":"follow","max-snippet":"max-snippet:-1","max-image-preview":"max-image-preview:large","max-video-preview":"max-video-preview:-1"},"canonical":"https:\/\/defensatt.cat\/es\/politica-de-cookies\/","og_locale":"es_ES","og_type":"article","og_title":"Pol\u00edtica de cookies - Defensa&#039;tt","og_description":"Fecha de entrada en vigor: 12-ene-2024 \u00daltima actualizaci\u00f3n: 12-ene-2024 1.\u00bfQu\u00e9 son las cookies? Esta Pol\u00edtica de cookies explica qu\u00e9 son las cookies y c\u00f3mo las utilizamos, los tipos de cookies que usamos, es decir, la informaci\u00f3n que recopilamos mediante las cookies y c\u00f3mo se utiliza esta informaci\u00f3n y c\u00f3mo gestionar la configuraci\u00f3n de las cookies. [&hellip;]","og_url":"https:\/\/defensatt.cat\/es\/politica-de-cookies\/","og_site_name":"Defensa&#039;tt","article_publisher":"https:\/\/www.facebook.com\/defensatt\/","article_modified_time":"2025-10-07T09:06:08+00:00","twitter_card":"summary_large_image","twitter_misc":{"Tiempo de lectura":"2 minutos"},"schema":{"@context":"https:\/\/schema.org","@graph":[{"@type":"WebPage","@id":"https:\/\/defensatt.cat\/es\/politica-de-cookies\/","url":"https:\/\/defensatt.cat\/es\/politica-de-cookies\/","name":"Pol\u00edtica de cookies - Defensa&#039;tt","isPartOf":{"@id":"https:\/\/defensatt.cat\/es\/#website"},"datePublished":"2025-10-06T09:58:36+00:00","dateModified":"2025-10-07T09:06:08+00:00","breadcrumb":{"@id":"https:\/\/defensatt.cat\/es\/politica-de-cookies\/#breadcrumb"},"inLanguage":"es","potentialAction":[{"@type":"ReadAction","target":["https:\/\/defensatt.cat\/es\/politica-de-cookies\/"]}]},{"@type":"BreadcrumbList","@id":"https:\/\/defensatt.cat\/es\/politica-de-cookies\/#breadcrumb","itemListElement":[{"@type":"ListItem","position":1,"name":"Inici","item":"https:\/\/defensatt.cat\/es\/inicio\/"},{"@type":"ListItem","position":2,"name":"Pol\u00edtica de cookies"}]},{"@type":"WebSite","@id":"https:\/\/defensatt.cat\/es\/#website","url":"https:\/\/defensatt.cat\/es\/","name":"Defensa'tt","description":"Ciberseguretat al teu abast","publisher":{"@id":"https:\/\/defensatt.cat\/es\/#organization"},"potentialAction":[{"@type":"SearchAction","target":{"@type":"EntryPoint","urlTemplate":"https:\/\/defensatt.cat\/es\/?s={search_term_string}"},"query-input":{"@type":"PropertyValueSpecification","valueRequired":true,"valueName":"search_term_string"}}],"inLanguage":"es"},{"@type":"Organization","@id":"https:\/\/defensatt.cat\/es\/#organization","name":"Defensa'tt","url":"https:\/\/defensatt.cat\/es\/","logo":{"@type":"ImageObject","inLanguage":"es","@id":"https:\/\/defensatt.cat\/es\/#\/schema\/logo\/image\/","url":"https:\/\/defensatt.cat\/wp-content\/uploads\/2025\/09\/defensatt_imagotip_complet.png","contentUrl":"https:\/\/defensatt.cat\/wp-content\/uploads\/2025\/09\/defensatt_imagotip_complet.png","width":1522,"height":701,"caption":"Defensa'tt"},"image":{"@id":"https:\/\/defensatt.cat\/es\/#\/schema\/logo\/image\/"},"sameAs":["https:\/\/www.facebook.com\/defensatt\/","https:\/\/tiktok.com\/defensatt","https:\/\/www.instagram.com\/defensatt\/","https:\/\/www.linkedin.com\/company\/defensatt\/"]}]}},"_links":{"self":[{"href":"https:\/\/defensatt.cat\/es\/wp-json\/wp\/v2\/pages\/910","targetHints":{"allow":["GET"]}}],"collection":[{"href":"https:\/\/defensatt.cat\/es\/wp-json\/wp\/v2\/pages"}],"about":[{"href":"https:\/\/defensatt.cat\/es\/wp-json\/wp\/v2\/types\/page"}],"author":[{"embeddable":true,"href":"https:\/\/defensatt.cat\/es\/wp-json\/wp\/v2\/users\/1"}],"replies":[{"embeddable":true,"href":"https:\/\/defensatt.cat\/es\/wp-json\/wp\/v2\/comments?post=910"}],"version-history":[{"count":1,"href":"https:\/\/defensatt.cat\/es\/wp-json\/wp\/v2\/pages\/910\/revisions"}],"predecessor-version":[{"id":912,"href":"https:\/\/defensatt.cat\/es\/wp-json\/wp\/v2\/pages\/910\/revisions\/912"}],"wp:attachment":[{"href":"https:\/\/defensatt.cat\/es\/wp-json\/wp\/v2\/media?parent=910"}],"curies":[{"name":"wp","href":"https:\/\/api.w.org\/{rel}","templated":true}]}}