{"id":903,"date":"2025-10-03T08:16:07","date_gmt":"2025-10-03T06:16:07","guid":{"rendered":"https:\/\/defensatt.cat\/contacto\/"},"modified":"2025-10-07T11:33:14","modified_gmt":"2025-10-07T09:33:14","slug":"contacto","status":"publish","type":"page","link":"https:\/\/defensatt.cat\/es\/contacto\/","title":{"rendered":"Contacto"},"content":{"rendered":"\t\t<div data-elementor-type=\"wp-page\" data-elementor-id=\"903\" class=\"elementor elementor-903 elementor-108\" data-elementor-post-type=\"page\">\n\t\t\t\t<div class=\"elementor-element elementor-element-bb7f92e e-con-full e-flex e-con e-parent\" data-id=\"bb7f92e\" data-element_type=\"container\" data-e-type=\"container\" data-settings=\"{&quot;background_background&quot;:&quot;classic&quot;,&quot;jet_parallax_layout_list&quot;:[]}\">\n\t\t<div class=\"elementor-element elementor-element-bc4cfad e-con-full e-flex e-con e-child\" data-id=\"bc4cfad\" data-element_type=\"container\" data-e-type=\"container\" data-settings=\"{&quot;jet_parallax_layout_list&quot;:[]}\">\n\t\t<div class=\"elementor-element elementor-element-b6d3fb6 e-con-full e-flex e-con e-child\" data-id=\"b6d3fb6\" data-element_type=\"container\" data-e-type=\"container\" data-settings=\"{&quot;jet_parallax_layout_list&quot;:[]}\">\n\t\t\t\t<\/div>\n\t\t<div class=\"elementor-element elementor-element-90d2053 e-con-full e-flex e-con e-child\" data-id=\"90d2053\" data-element_type=\"container\" data-e-type=\"container\" data-settings=\"{&quot;jet_parallax_layout_list&quot;:[]}\">\n\t\t\t\t<div class=\"elementor-element elementor-element-3c91603 elementor-widget elementor-widget-heading\" data-id=\"3c91603\" data-element_type=\"widget\" data-e-type=\"widget\" data-widget_type=\"heading.default\">\n\t\t\t\t\t<h1 class=\"elementor-heading-title elementor-size-default\">Contacto<span>.<\/span><\/h1>\t\t\t\t<\/div>\n\t\t\t\t<div class=\"elementor-element elementor-element-8f0b184 elementor-widget elementor-widget-text-editor\" data-id=\"8f0b184\" data-element_type=\"widget\" data-e-type=\"widget\" data-widget_type=\"text-editor.default\">\n\t\t\t\t\t\t\t\t\t<p>\u00bfNecesita m\u00e1s informaci\u00f3n?<\/p>\t\t\t\t\t\t\t\t<\/div>\n\t\t\t\t<div class=\"elementor-element elementor-element-42bd43e elementor-widget elementor-widget-button\" data-id=\"42bd43e\" data-element_type=\"widget\" data-e-type=\"widget\" data-widget_type=\"button.default\">\n\t\t\t\t\t\t\t\t\t\t<a class=\"elementor-button elementor-button-link elementor-size-sm\" href=\"mailto:informacio@defensatt.cat\">\n\t\t\t\t\t\t<span class=\"elementor-button-content-wrapper\">\n\t\t\t\t\t\t\t\t\t<span class=\"elementor-button-text\">\u00a1Hablemos!<\/span>\n\t\t\t\t\t<\/span>\n\t\t\t\t\t<\/a>\n\t\t\t\t\t\t\t\t<\/div>\n\t\t\t\t<\/div>\n\t\t\t\t<\/div>\n\t\t\t\t<\/div>\n\t\t<div class=\"elementor-element elementor-element-ca28b82 e-con-full e-flex e-con e-parent\" data-id=\"ca28b82\" data-element_type=\"container\" data-e-type=\"container\" data-settings=\"{&quot;jet_parallax_layout_list&quot;:[]}\">\n\t\t<div class=\"elementor-element elementor-element-417e986 e-con-full e-flex e-con e-child\" data-id=\"417e986\" data-element_type=\"container\" data-e-type=\"container\" data-settings=\"{&quot;jet_parallax_layout_list&quot;:[]}\">\n\t\t<div class=\"elementor-element elementor-element-9070583 e-con-full e-flex e-con e-child\" data-id=\"9070583\" data-element_type=\"container\" data-e-type=\"container\" data-settings=\"{&quot;jet_parallax_layout_list&quot;:[]}\">\n\t\t\t\t<div class=\"elementor-element elementor-element-f17fd84 elementor-widget elementor-widget-heading\" data-id=\"f17fd84\" data-element_type=\"widget\" data-e-type=\"widget\" data-widget_type=\"heading.default\">\n\t\t\t\t\t<h2 class=\"elementor-heading-title elementor-size-default\">Estamos a su lado<span>.<\/span><\/h2>\t\t\t\t<\/div>\n\t\t\t\t<div class=\"elementor-element elementor-element-9dae35f elementor-widget elementor-widget-text-editor\" data-id=\"9dae35f\" data-element_type=\"widget\" data-e-type=\"widget\" data-widget_type=\"text-editor.default\">\n\t\t\t\t\t\t\t\t\t<p>D\u00e9jenos sus datos y uno de nuestros managers le contactar\u00e1.<\/p><p><strong>Respetamos su privacidad y solo utilizaremos su informaci\u00f3n para gestionar su cuenta y contactar con usted. Marque la casilla si acepta recibir nuestras comunicaciones. <\/strong><\/p><p>O si lo prefiere, ll\u00e1menos o escr\u00edbanos un correo electr\u00f3nico:<\/p>\t\t\t\t\t\t\t\t<\/div>\n\t\t\t\t<div class=\"elementor-element elementor-element-23ccf43 elementor-icon-list--layout-traditional elementor-list-item-link-full_width elementor-widget elementor-widget-icon-list\" data-id=\"23ccf43\" data-element_type=\"widget\" data-e-type=\"widget\" data-widget_type=\"icon-list.default\">\n\t\t\t\t\t\t\t<ul class=\"elementor-icon-list-items\">\n\t\t\t\t\t\t\t<li class=\"elementor-icon-list-item\">\n\t\t\t\t\t\t\t\t\t\t\t<a href=\"mailto:informacio@defensatt.cat\">\n\n\t\t\t\t\t\t\t\t\t\t\t\t<span class=\"elementor-icon-list-icon\">\n\t\t\t\t\t\t\t<svg xmlns=\"http:\/\/www.w3.org\/2000\/svg\" width=\"43\" height=\"43\" viewBox=\"0 0 43 43\" fill=\"none\"><circle cx=\"21.5\" cy=\"21.5\" r=\"21.5\" fill=\"#E41C5A\"><\/circle><path d=\"M12.2561 31.3672C11.5991 31.3672 11.0369 31.1335 10.5695 30.6661C10.1021 30.1987 9.86798 29.6361 9.86719 28.9783V14.645C9.86719 13.988 10.1013 13.4259 10.5695 12.9584C11.0377 12.491 11.5999 12.2569 12.2561 12.2561H31.3672C32.0241 12.2561 32.5867 12.4902 33.0549 12.9584C33.5232 13.4267 33.7569 13.9888 33.7561 14.645V28.9783C33.7561 29.6353 33.5224 30.1979 33.0549 30.6661C32.5875 31.1343 32.0249 31.368 31.3672 31.3672H12.2561ZM21.8116 23.0061L12.2561 17.0339V28.9783H31.3672V17.0339L21.8116 23.0061ZM21.8116 20.6172L31.3672 14.645H12.2561L21.8116 20.6172ZM12.2561 17.0339V14.645V28.9783V17.0339Z\" fill=\"white\"><\/path><\/svg>\t\t\t\t\t\t<\/span>\n\t\t\t\t\t\t\t\t\t\t<span class=\"elementor-icon-list-text\">informacion@defensatt.cat<\/span>\n\t\t\t\t\t\t\t\t\t\t\t<\/a>\n\t\t\t\t\t\t\t\t\t<\/li>\n\t\t\t\t\t\t\t\t<li class=\"elementor-icon-list-item\">\n\t\t\t\t\t\t\t\t\t\t\t<span class=\"elementor-icon-list-icon\">\n\t\t\t\t\t\t\t<svg xmlns=\"http:\/\/www.w3.org\/2000\/svg\" width=\"43\" height=\"43\" viewBox=\"0 0 43 43\" fill=\"none\"><circle cx=\"21.5\" cy=\"21.5\" r=\"21.5\" fill=\"#E41C5A\"><\/circle><path d=\"M13.4506 19.2555C15.7441 24.249 19.8186 28.2068 24.8766 30.3543L25.6889 30.7162C26.5883 31.1167 27.6003 31.187 28.5464 30.9145C29.4925 30.642 30.3122 30.0443 30.8608 29.2268L31.9227 27.6453C32.0888 27.3973 32.1561 27.096 32.1112 26.8009C32.0663 26.5058 31.9126 26.2381 31.6802 26.0507L28.0825 23.1482C27.9572 23.0472 27.8128 22.9726 27.658 22.9288C27.5031 22.8849 27.341 22.8729 27.1813 22.8933C27.0217 22.9137 26.8678 22.9662 26.729 23.0476C26.5901 23.1289 26.4691 23.2375 26.3733 23.3668L25.2601 24.8682C22.4025 23.4569 20.0895 21.1435 18.6787 18.2856L20.1789 17.1724C20.3082 17.0766 20.4168 16.9556 20.4981 16.8167C20.5795 16.6779 20.632 16.524 20.6524 16.3644C20.6728 16.2047 20.6608 16.0426 20.6169 15.8877C20.5731 15.7329 20.4985 15.5885 20.3975 15.4632L17.495 11.8655C17.3076 11.6331 17.0399 11.4794 16.7448 11.4345C16.4497 11.3896 16.1484 11.4569 15.9004 11.623L14.3082 12.6909C13.4857 13.2424 12.8857 14.0681 12.6151 15.0207C12.3445 15.9733 12.4209 16.9911 12.8307 17.8927L13.4506 19.2555Z\" fill=\"white\"><\/path><\/svg>\t\t\t\t\t\t<\/span>\n\t\t\t\t\t\t\t\t\t\t<span class=\"elementor-icon-list-text\">+34 683 387 280<\/span>\n\t\t\t\t\t\t\t\t\t<\/li>\n\t\t\t\t\t\t<\/ul>\n\t\t\t\t\t\t<\/div>\n\t\t\t\t<\/div>\n\t\t<div class=\"elementor-element elementor-element-cb43154 e-con-full e-flex e-con e-child\" data-id=\"cb43154\" data-element_type=\"container\" data-e-type=\"container\" data-settings=\"{&quot;jet_parallax_layout_list&quot;:[]}\">\n\t\t\t\t<div class=\"elementor-element elementor-element-7bc7de5 elementor-button-align-start elementor-widget elementor-widget-form\" data-id=\"7bc7de5\" data-element_type=\"widget\" data-e-type=\"widget\" data-settings=\"{&quot;step_next_label&quot;:&quot;Siguiente&quot;,&quot;step_previous_label&quot;:&quot;Anterior&quot;,&quot;button_width&quot;:&quot;100&quot;,&quot;step_type&quot;:&quot;number_text&quot;,&quot;step_icon_shape&quot;:&quot;circle&quot;}\" data-widget_type=\"form.default\">\n\t\t\t\t\t\t\t<form class=\"elementor-form\" method=\"post\" name=\"Nuevo formulario\" aria-label=\"Nuevo formulario\">\n\t\t\t<input type=\"hidden\" name=\"post_id\" value=\"903\"\/>\n\t\t\t<input type=\"hidden\" name=\"form_id\" value=\"7bc7de5\"\/>\n\t\t\t<input type=\"hidden\" name=\"referer_title\" value=\"Contacto ciberseguridad - Defensa&#039;tt\" \/>\n\n\t\t\t\t\t\t\t<input type=\"hidden\" name=\"queried_id\" value=\"903\"\/>\n\t\t\t\n\t\t\t<div class=\"elementor-form-fields-wrapper elementor-labels-\">\n\t\t\t\t\t\t\t\t<div class=\"elementor-field-type-text elementor-field-group elementor-column elementor-field-group-name elementor-col-50 elementor-field-required\">\n\t\t\t\t\t\t\t\t\t\t\t\t<label for=\"form-field-name\" class=\"elementor-field-label elementor-screen-only\">\n\t\t\t\t\t\t\t\tNombre\t\t\t\t\t\t\t<\/label>\n\t\t\t\t\t\t\t\t\t\t\t\t\t\t<input size=\"1\" type=\"text\" name=\"form_fields[name]\" id=\"form-field-name\" class=\"elementor-field elementor-size-sm  elementor-field-textual\" placeholder=\"Nombre\" required=\"required\">\n\t\t\t\t\t\t\t\t\t\t\t<\/div>\n\t\t\t\t\t\t\t\t<div class=\"elementor-field-type-tel elementor-field-group elementor-column elementor-field-group-field_8b6769e elementor-col-50 elementor-field-required\">\n\t\t\t\t\t\t\t\t\t\t\t\t<label for=\"form-field-field_8b6769e\" class=\"elementor-field-label elementor-screen-only\">\n\t\t\t\t\t\t\t\tTel\u00e9fono\t\t\t\t\t\t\t<\/label>\n\t\t\t\t\t\t\t\t<input size=\"1\" type=\"tel\" name=\"form_fields[field_8b6769e]\" id=\"form-field-field_8b6769e\" class=\"elementor-field elementor-size-sm  elementor-field-textual\" placeholder=\"Tel\u00e9fono\" required=\"required\" pattern=\"[0-9()#&amp;+*-=.]+\" title=\"Solo se aceptan n\u00fameros y caracteres de tel\u00e9fono (#,-,*,etc).\">\n\n\t\t\t\t\t\t<\/div>\n\t\t\t\t\t\t\t\t<div class=\"elementor-field-type-email elementor-field-group elementor-column elementor-field-group-email elementor-col-100 elementor-field-required\">\n\t\t\t\t\t\t\t\t\t\t\t\t<label for=\"form-field-email\" class=\"elementor-field-label elementor-screen-only\">\n\t\t\t\t\t\t\t\tCorreo electr\u00f3nico\t\t\t\t\t\t\t<\/label>\n\t\t\t\t\t\t\t\t\t\t\t\t\t\t<input size=\"1\" type=\"email\" name=\"form_fields[email]\" id=\"form-field-email\" class=\"elementor-field elementor-size-sm  elementor-field-textual\" placeholder=\"Correo electr\u00f3nico\" required=\"required\">\n\t\t\t\t\t\t\t\t\t\t\t<\/div>\n\t\t\t\t\t\t\t\t<div class=\"elementor-field-type-textarea elementor-field-group elementor-column elementor-field-group-message elementor-col-100\">\n\t\t\t\t\t\t\t\t\t\t\t\t<label for=\"form-field-message\" class=\"elementor-field-label elementor-screen-only\">\n\t\t\t\t\t\t\t\tMensaje \t\t\t\t\t\t\t<\/label>\n\t\t\t\t\t\t<textarea class=\"elementor-field-textual elementor-field  elementor-size-sm\" name=\"form_fields[message]\" id=\"form-field-message\" rows=\"4\" placeholder=\"Mensaje \"><\/textarea>\t\t\t\t<\/div>\n\t\t\t\t\t\t\t\t<div class=\"elementor-field-type-acceptance elementor-field-group elementor-column elementor-field-group-field_8c00ca2 elementor-col-100 elementor-field-required\">\n\t\t\t\t\t\t\t\t\t\t\t\t<label for=\"form-field-field_8c00ca2\" class=\"elementor-field-label elementor-screen-only\">\n\t\t\t\t\t\t\t\tAceptaci\u00f3n\t\t\t\t\t\t\t<\/label>\n\t\t\t\t\t\t\t\t<div class=\"elementor-field-subgroup\">\n\t\t\t<span class=\"elementor-field-option\">\n\t\t\t\t<input type=\"checkbox\" name=\"form_fields[field_8c00ca2]\" id=\"form-field-field_8c00ca2\" class=\"elementor-field elementor-size-sm  elementor-acceptance-field\" required=\"required\">\n\t\t\t\t<label for=\"form-field-field_8c00ca2\"><font size=\"2\">  \nAcepto recibir comunicaciones de Defensa'tt Ciberseguridad.\n<\/font><\/label>\t\t\t<\/span>\n\t\t<\/div>\n\t\t\t\t\t\t<\/div>\n\t\t\t\t\t\t\t\t<div class=\"elementor-field-type-html elementor-field-group elementor-column elementor-field-group-field_5c841b0 elementor-col-100\">\n\t\t\t\t\t<p>Al hacer clic en \"Enviar\", acepta que Defensa'tt Ciberseguridad procese su informaci\u00f3n para ofrecerle el contenido solicitado.*<\/p>\t\t\t\t<\/div>\n\t\t\t\t\t\t\t\t<div class=\"elementor-field-type-recaptcha_v3 elementor-field-group elementor-column elementor-field-group-field_49450e9 elementor-col-100 recaptcha_v3-bottomright\">\n\t\t\t\t\t<div class=\"elementor-field\" id=\"form-field-field_49450e9\"><div class=\"elementor-g-recaptcha\" data-sitekey=\"6LczFcIrAAAAAEmAO7h3UXfXT2Mxu0mN0jsj6UaQ\" data-type=\"v3\" data-action=\"Form\" data-badge=\"bottomright\" data-size=\"invisible\"><\/div><\/div>\t\t\t\t<\/div>\n\t\t\t\t\t\t\t\t<div class=\"elementor-field-group elementor-column elementor-field-type-submit elementor-col-100 e-form__buttons\">\n\t\t\t\t\t<button class=\"elementor-button elementor-size-sm\" type=\"submit\">\n\t\t\t\t\t\t<span class=\"elementor-button-content-wrapper\">\n\t\t\t\t\t\t\t\t\t\t\t\t\t\t\t\t\t\t\t\t\t\t<span class=\"elementor-button-text\">Enviar<\/span>\n\t\t\t\t\t\t\t\t\t\t\t\t\t<\/span>\n\t\t\t\t\t<\/button>\n\t\t\t\t<\/div>\n\t\t\t<\/div>\n\t\t<\/form>\n\t\t\t\t\t\t<\/div>\n\t\t\t\t<\/div>\n\t\t\t\t<\/div>\n\t\t\t\t<\/div>\n\t\t\t\t<\/div>\n\t\t","protected":false},"excerpt":{"rendered":"<p>Contacto. \u00bfNecesita m\u00e1s informaci\u00f3n? \u00a1Hablemos! Estamos a su lado. D\u00e9jenos sus datos y uno de nuestros managers le contactar\u00e1. Respetamos su privacidad y solo utilizaremos su informaci\u00f3n para gestionar su cuenta y contactar con usted. Marque la casilla si acepta recibir nuestras comunicaciones. O si lo prefiere, ll\u00e1menos o escr\u00edbanos un correo electr\u00f3nico: informacion@defensatt.cat +34 [&hellip;]<\/p>\n","protected":false},"author":1,"featured_media":972,"parent":0,"menu_order":0,"comment_status":"closed","ping_status":"closed","template":"","meta":{"footnotes":""},"class_list":["post-903","page","type-page","status-publish","has-post-thumbnail","hentry"],"yoast_head":"<!-- This site is optimized with the Yoast SEO plugin v26.9 - https:\/\/yoast.com\/product\/yoast-seo-wordpress\/ -->\n<title>Contacto ciberseguridad - Defensa&#039;tt<\/title>\n<meta name=\"description\" content=\"P\u00f3ngase en contacto con Defensa&#039;tt, especialistas en ciberseguridad. Nuestro equipo le asesorar\u00e1 en todo lo que necesite.\" \/>\n<meta name=\"robots\" content=\"index, follow, max-snippet:-1, max-image-preview:large, max-video-preview:-1\" \/>\n<link rel=\"canonical\" href=\"https:\/\/defensatt.cat\/es\/contacto\/\" \/>\n<meta property=\"og:locale\" content=\"es_ES\" \/>\n<meta property=\"og:type\" content=\"article\" \/>\n<meta property=\"og:title\" content=\"Contacto ciberseguridad - Defensa&#039;tt\" \/>\n<meta property=\"og:description\" content=\"P\u00f3ngase en contacto con Defensa&#039;tt, especialistas en ciberseguridad. Nuestro equipo le asesorar\u00e1 en todo lo que necesite.\" \/>\n<meta property=\"og:url\" content=\"https:\/\/defensatt.cat\/es\/contacto\/\" \/>\n<meta property=\"og:site_name\" content=\"Defensa&#039;tt\" \/>\n<meta property=\"article:publisher\" content=\"https:\/\/www.facebook.com\/defensatt\/\" \/>\n<meta property=\"article:modified_time\" content=\"2025-10-07T09:33:14+00:00\" \/>\n<meta property=\"og:image\" content=\"https:\/\/defensatt.cat\/wp-content\/uploads\/2025\/10\/defensatt-logo.png\" \/>\n\t<meta property=\"og:image:width\" content=\"701\" \/>\n\t<meta property=\"og:image:height\" content=\"701\" \/>\n\t<meta property=\"og:image:type\" content=\"image\/png\" \/>\n<meta name=\"twitter:card\" content=\"summary_large_image\" \/>\n<script type=\"application\/ld+json\" class=\"yoast-schema-graph\">{\"@context\":\"https:\/\/schema.org\",\"@graph\":[{\"@type\":\"WebPage\",\"@id\":\"https:\/\/defensatt.cat\/es\/contacto\/\",\"url\":\"https:\/\/defensatt.cat\/es\/contacto\/\",\"name\":\"Contacto ciberseguridad - Defensa&#039;tt\",\"isPartOf\":{\"@id\":\"https:\/\/defensatt.cat\/es\/#website\"},\"primaryImageOfPage\":{\"@id\":\"https:\/\/defensatt.cat\/es\/contacto\/#primaryimage\"},\"image\":{\"@id\":\"https:\/\/defensatt.cat\/es\/contacto\/#primaryimage\"},\"thumbnailUrl\":\"https:\/\/defensatt.cat\/wp-content\/uploads\/2025\/10\/defensatt-logo.png\",\"datePublished\":\"2025-10-03T06:16:07+00:00\",\"dateModified\":\"2025-10-07T09:33:14+00:00\",\"description\":\"P\u00f3ngase en contacto con Defensa'tt, especialistas en ciberseguridad. Nuestro equipo le asesorar\u00e1 en todo lo que necesite.\",\"breadcrumb\":{\"@id\":\"https:\/\/defensatt.cat\/es\/contacto\/#breadcrumb\"},\"inLanguage\":\"es\",\"potentialAction\":[{\"@type\":\"ReadAction\",\"target\":[\"https:\/\/defensatt.cat\/es\/contacto\/\"]}]},{\"@type\":\"ImageObject\",\"inLanguage\":\"es\",\"@id\":\"https:\/\/defensatt.cat\/es\/contacto\/#primaryimage\",\"url\":\"https:\/\/defensatt.cat\/wp-content\/uploads\/2025\/10\/defensatt-logo.png\",\"contentUrl\":\"https:\/\/defensatt.cat\/wp-content\/uploads\/2025\/10\/defensatt-logo.png\",\"width\":701,\"height\":701},{\"@type\":\"BreadcrumbList\",\"@id\":\"https:\/\/defensatt.cat\/es\/contacto\/#breadcrumb\",\"itemListElement\":[{\"@type\":\"ListItem\",\"position\":1,\"name\":\"Inici\",\"item\":\"https:\/\/defensatt.cat\/es\/inicio\/\"},{\"@type\":\"ListItem\",\"position\":2,\"name\":\"Contacto\"}]},{\"@type\":\"WebSite\",\"@id\":\"https:\/\/defensatt.cat\/es\/#website\",\"url\":\"https:\/\/defensatt.cat\/es\/\",\"name\":\"Defensa'tt\",\"description\":\"Ciberseguretat al teu abast\",\"publisher\":{\"@id\":\"https:\/\/defensatt.cat\/es\/#organization\"},\"potentialAction\":[{\"@type\":\"SearchAction\",\"target\":{\"@type\":\"EntryPoint\",\"urlTemplate\":\"https:\/\/defensatt.cat\/es\/?s={search_term_string}\"},\"query-input\":{\"@type\":\"PropertyValueSpecification\",\"valueRequired\":true,\"valueName\":\"search_term_string\"}}],\"inLanguage\":\"es\"},{\"@type\":\"Organization\",\"@id\":\"https:\/\/defensatt.cat\/es\/#organization\",\"name\":\"Defensa'tt\",\"url\":\"https:\/\/defensatt.cat\/es\/\",\"logo\":{\"@type\":\"ImageObject\",\"inLanguage\":\"es\",\"@id\":\"https:\/\/defensatt.cat\/es\/#\/schema\/logo\/image\/\",\"url\":\"https:\/\/defensatt.cat\/wp-content\/uploads\/2025\/09\/defensatt_imagotip_complet.png\",\"contentUrl\":\"https:\/\/defensatt.cat\/wp-content\/uploads\/2025\/09\/defensatt_imagotip_complet.png\",\"width\":1522,\"height\":701,\"caption\":\"Defensa'tt\"},\"image\":{\"@id\":\"https:\/\/defensatt.cat\/es\/#\/schema\/logo\/image\/\"},\"sameAs\":[\"https:\/\/www.facebook.com\/defensatt\/\",\"https:\/\/tiktok.com\/defensatt\",\"https:\/\/www.instagram.com\/defensatt\/\",\"https:\/\/www.linkedin.com\/company\/defensatt\/\"]}]}<\/script>\n<!-- \/ Yoast SEO plugin. -->","yoast_head_json":{"title":"Contacto ciberseguridad - Defensa&#039;tt","description":"P\u00f3ngase en contacto con Defensa'tt, especialistas en ciberseguridad. Nuestro equipo le asesorar\u00e1 en todo lo que necesite.","robots":{"index":"index","follow":"follow","max-snippet":"max-snippet:-1","max-image-preview":"max-image-preview:large","max-video-preview":"max-video-preview:-1"},"canonical":"https:\/\/defensatt.cat\/es\/contacto\/","og_locale":"es_ES","og_type":"article","og_title":"Contacto ciberseguridad - Defensa&#039;tt","og_description":"P\u00f3ngase en contacto con Defensa'tt, especialistas en ciberseguridad. Nuestro equipo le asesorar\u00e1 en todo lo que necesite.","og_url":"https:\/\/defensatt.cat\/es\/contacto\/","og_site_name":"Defensa&#039;tt","article_publisher":"https:\/\/www.facebook.com\/defensatt\/","article_modified_time":"2025-10-07T09:33:14+00:00","og_image":[{"width":701,"height":701,"url":"https:\/\/defensatt.cat\/wp-content\/uploads\/2025\/10\/defensatt-logo.png","type":"image\/png"}],"twitter_card":"summary_large_image","schema":{"@context":"https:\/\/schema.org","@graph":[{"@type":"WebPage","@id":"https:\/\/defensatt.cat\/es\/contacto\/","url":"https:\/\/defensatt.cat\/es\/contacto\/","name":"Contacto ciberseguridad - Defensa&#039;tt","isPartOf":{"@id":"https:\/\/defensatt.cat\/es\/#website"},"primaryImageOfPage":{"@id":"https:\/\/defensatt.cat\/es\/contacto\/#primaryimage"},"image":{"@id":"https:\/\/defensatt.cat\/es\/contacto\/#primaryimage"},"thumbnailUrl":"https:\/\/defensatt.cat\/wp-content\/uploads\/2025\/10\/defensatt-logo.png","datePublished":"2025-10-03T06:16:07+00:00","dateModified":"2025-10-07T09:33:14+00:00","description":"P\u00f3ngase en contacto con Defensa'tt, especialistas en ciberseguridad. Nuestro equipo le asesorar\u00e1 en todo lo que necesite.","breadcrumb":{"@id":"https:\/\/defensatt.cat\/es\/contacto\/#breadcrumb"},"inLanguage":"es","potentialAction":[{"@type":"ReadAction","target":["https:\/\/defensatt.cat\/es\/contacto\/"]}]},{"@type":"ImageObject","inLanguage":"es","@id":"https:\/\/defensatt.cat\/es\/contacto\/#primaryimage","url":"https:\/\/defensatt.cat\/wp-content\/uploads\/2025\/10\/defensatt-logo.png","contentUrl":"https:\/\/defensatt.cat\/wp-content\/uploads\/2025\/10\/defensatt-logo.png","width":701,"height":701},{"@type":"BreadcrumbList","@id":"https:\/\/defensatt.cat\/es\/contacto\/#breadcrumb","itemListElement":[{"@type":"ListItem","position":1,"name":"Inici","item":"https:\/\/defensatt.cat\/es\/inicio\/"},{"@type":"ListItem","position":2,"name":"Contacto"}]},{"@type":"WebSite","@id":"https:\/\/defensatt.cat\/es\/#website","url":"https:\/\/defensatt.cat\/es\/","name":"Defensa'tt","description":"Ciberseguretat al teu abast","publisher":{"@id":"https:\/\/defensatt.cat\/es\/#organization"},"potentialAction":[{"@type":"SearchAction","target":{"@type":"EntryPoint","urlTemplate":"https:\/\/defensatt.cat\/es\/?s={search_term_string}"},"query-input":{"@type":"PropertyValueSpecification","valueRequired":true,"valueName":"search_term_string"}}],"inLanguage":"es"},{"@type":"Organization","@id":"https:\/\/defensatt.cat\/es\/#organization","name":"Defensa'tt","url":"https:\/\/defensatt.cat\/es\/","logo":{"@type":"ImageObject","inLanguage":"es","@id":"https:\/\/defensatt.cat\/es\/#\/schema\/logo\/image\/","url":"https:\/\/defensatt.cat\/wp-content\/uploads\/2025\/09\/defensatt_imagotip_complet.png","contentUrl":"https:\/\/defensatt.cat\/wp-content\/uploads\/2025\/09\/defensatt_imagotip_complet.png","width":1522,"height":701,"caption":"Defensa'tt"},"image":{"@id":"https:\/\/defensatt.cat\/es\/#\/schema\/logo\/image\/"},"sameAs":["https:\/\/www.facebook.com\/defensatt\/","https:\/\/tiktok.com\/defensatt","https:\/\/www.instagram.com\/defensatt\/","https:\/\/www.linkedin.com\/company\/defensatt\/"]}]}},"_links":{"self":[{"href":"https:\/\/defensatt.cat\/es\/wp-json\/wp\/v2\/pages\/903","targetHints":{"allow":["GET"]}}],"collection":[{"href":"https:\/\/defensatt.cat\/es\/wp-json\/wp\/v2\/pages"}],"about":[{"href":"https:\/\/defensatt.cat\/es\/wp-json\/wp\/v2\/types\/page"}],"author":[{"embeddable":true,"href":"https:\/\/defensatt.cat\/es\/wp-json\/wp\/v2\/users\/1"}],"replies":[{"embeddable":true,"href":"https:\/\/defensatt.cat\/es\/wp-json\/wp\/v2\/comments?post=903"}],"version-history":[{"count":1,"href":"https:\/\/defensatt.cat\/es\/wp-json\/wp\/v2\/pages\/903\/revisions"}],"predecessor-version":[{"id":907,"href":"https:\/\/defensatt.cat\/es\/wp-json\/wp\/v2\/pages\/903\/revisions\/907"}],"wp:featuredmedia":[{"embeddable":true,"href":"https:\/\/defensatt.cat\/es\/wp-json\/wp\/v2\/media\/972"}],"wp:attachment":[{"href":"https:\/\/defensatt.cat\/es\/wp-json\/wp\/v2\/media?parent=903"}],"curies":[{"name":"wp","href":"https:\/\/api.w.org\/{rel}","templated":true}]}}